{"id":3571,"date":"2022-04-13T17:18:37","date_gmt":"2022-04-13T15:18:37","guid":{"rendered":"https:\/\/www.360liguria.com\/360liguria-cooperativa\/"},"modified":"2022-10-20T15:18:23","modified_gmt":"2022-10-20T13:18:23","slug":"360liguria-cooperativa","status":"publish","type":"page","link":"https:\/\/www.360liguria.com\/de\/360liguria-cooperativa\/","title":{"rendered":"360Liguria Cooperativa"},"content":{"rendered":"\t\t<div data-elementor-type=\"wp-page\" data-elementor-id=\"3571\" class=\"elementor elementor-3571 elementor-2274\" data-elementor-post-type=\"page\">\n\t\t\t\t\t\t<section class=\"elementor-section elementor-top-section elementor-element elementor-element-740ab429 elementor-section-full_width elementor-section-height-default elementor-section-height-default\" data-id=\"740ab429\" data-element_type=\"section\" data-e-type=\"section\" data-settings=\"{&quot;background_background&quot;:&quot;classic&quot;}\">\n\t\t\t\t\t\t<div class=\"elementor-container elementor-column-gap-default\">\n\t\t\t\t\t<div class=\"elementor-column elementor-col-100 elementor-top-column elementor-element elementor-element-c031b5b\" data-id=\"c031b5b\" data-element_type=\"column\" data-e-type=\"column\" data-settings=\"{&quot;background_background&quot;:&quot;classic&quot;}\">\n\t\t\t<div class=\"elementor-widget-wrap elementor-element-populated\">\n\t\t\t\t\t\t<div class=\"elementor-element elementor-element-fc95f41 elementor-widget elementor-widget-heading\" data-id=\"fc95f41\" data-element_type=\"widget\" data-e-type=\"widget\" data-widget_type=\"heading.default\">\n\t\t\t\t<div class=\"elementor-widget-container\">\n\t\t\t\t\t<h1 class=\"elementor-heading-title elementor-size-default\">360Liguria Kooperative<\/h1>\t\t\t\t<\/div>\n\t\t\t\t<\/div>\n\t\t\t\t\t<\/div>\n\t\t<\/div>\n\t\t\t\t\t<\/div>\n\t\t<\/section>\n\t\t\t\t<section class=\"elementor-section elementor-top-section elementor-element elementor-element-4561ebf elementor-section-boxed elementor-section-height-default elementor-section-height-default\" data-id=\"4561ebf\" data-element_type=\"section\" data-e-type=\"section\" data-settings=\"{&quot;background_background&quot;:&quot;classic&quot;}\">\n\t\t\t\t\t\t<div class=\"elementor-container elementor-column-gap-default\">\n\t\t\t\t\t<div class=\"elementor-column elementor-col-100 elementor-top-column elementor-element elementor-element-3a6ba51\" data-id=\"3a6ba51\" data-element_type=\"column\" data-e-type=\"column\">\n\t\t\t<div class=\"elementor-widget-wrap\">\n\t\t\t\t\t\t\t<\/div>\n\t\t<\/div>\n\t\t\t\t\t<\/div>\n\t\t<\/section>\n\t\t\t\t<section class=\"elementor-section elementor-top-section elementor-element elementor-element-400d5d0 elementor-section-height-min-height elementor-section-boxed elementor-section-height-default elementor-section-items-middle\" data-id=\"400d5d0\" data-element_type=\"section\" data-e-type=\"section\">\n\t\t\t\t\t\t<div class=\"elementor-container elementor-column-gap-no\">\n\t\t\t\t\t<div class=\"elementor-column elementor-col-50 elementor-top-column elementor-element elementor-element-17686ed\" data-id=\"17686ed\" data-element_type=\"column\" data-e-type=\"column\">\n\t\t\t<div class=\"elementor-widget-wrap elementor-element-populated\">\n\t\t\t\t\t\t<div class=\"elementor-element elementor-element-210c90c elementor-widget elementor-widget-text-editor\" data-id=\"210c90c\" data-element_type=\"widget\" data-e-type=\"widget\" data-widget_type=\"text-editor.default\">\n\t\t\t\t<div class=\"elementor-widget-container\">\n\t\t\t\t\t\t\t\t\t\n          <p style=\"font-family: Poppins, sans-serif; letter-spacing: 0.28px;\">360 Liguria ist der Eigent\u00fcmer der Marke 360 Liguria und der Website www.360liguria.com<\/p>\n          <p style=\"font-family: Poppins, sans-serif; letter-spacing: 0.28px; text-align: left;\">360Liguria ist eine soziale Genossenschaft mit Sitz in Imperia Oneglia, Via Vieusseux Nr. 8, eingetragen im ligurischen Regionalregister und im nationalen Register. Sie ist Mitglied der Nationalen Genossenschaften und Gegenseitigkeitsvereine. Sie ist eine gemeinn\u00fctzige Organisation. &#8211; <span style=\"color: var( --e-global-color-text ); letter-spacing: 0.02em;\">&#8211;<br>.<\/span> <\/p>\n          <p style=\"font-family: Poppins, sans-serif; letter-spacing: 0.28px; text-align: left;\"><a href=\"https:\/\/servizi.lavoro.gov.it\/runts\/it-it\/\">.<\/a><a href=\"https:\/\/www.regione.liguria.it\/component\/publiccompetitions\/document\/4867.html?view=document&amp;id=4867:registro-ts-sezione-coop-soc\">.<\/a><a href=\"https:\/\/www.legaliguria.coop\/\">.<\/a> <\/p>\n          <p style=\"font-family: Poppins, sans-serif; letter-spacing: 0.28px; text-align: left;\">360Liguria Societ\u00e0 Cooperativa wurde im Februar 2022 gegr\u00fcndet, um die touristische F\u00f6rderung von West-Ligurien zu managen und einen erlebnisorientierten und nachhaltigen Tourismus anzubieten. &#8211; Die Genossenschaft hat das Ziel, eine Gruppe lokaler Anbieter zu koordinieren, indem sie ihnen eine Reihe von Dienstleistungen anbietet: Marketing, Unternehmensberatung, IT und Audio\/Video. Sie organisiert auch Veranstaltungen, Initiativen und Aktivit\u00e4ten, die dem Unternehmensziel entsprechen. &#8211; <\/p>\n        \t\t\t\t\t\t\t\t<\/div>\n\t\t\t\t<\/div>\n\t\t\t\t\t<\/div>\n\t\t<\/div>\n\t\t\t\t<div class=\"elementor-column elementor-col-50 elementor-top-column elementor-element elementor-element-7371e64\" data-id=\"7371e64\" data-element_type=\"column\" data-e-type=\"column\">\n\t\t\t<div class=\"elementor-widget-wrap elementor-element-populated\">\n\t\t\t\t\t\t<div class=\"elementor-element elementor-element-a297e44 elementor-widget elementor-widget-image\" data-id=\"a297e44\" data-element_type=\"widget\" data-e-type=\"widget\" data-widget_type=\"image.default\">\n\t\t\t\t<div class=\"elementor-widget-container\">\n\t\t\t\t\t\t\t\t\t\t\t\t\t\t\t<img fetchpriority=\"high\" decoding=\"async\" width=\"1200\" height=\"675\" src=\"https:\/\/www.360liguria.com\/wp-content\/uploads\/2022\/03\/nero-2000x1125.png\" class=\"attachment-large size-large wp-image-2172\" alt=\"\" srcset=\"https:\/\/www.360liguria.com\/wp-content\/uploads\/2022\/03\/nero-2000x1125.png 2000w, https:\/\/www.360liguria.com\/wp-content\/uploads\/2022\/03\/nero-300x169.png 300w, https:\/\/www.360liguria.com\/wp-content\/uploads\/2022\/03\/nero-768x432.png 768w, https:\/\/www.360liguria.com\/wp-content\/uploads\/2022\/03\/nero-1536x864.png 1536w, https:\/\/www.360liguria.com\/wp-content\/uploads\/2022\/03\/nero-2048x1152.png 2048w\" sizes=\"(max-width: 1200px) 100vw, 1200px\" \/>\t\t\t\t\t\t\t\t\t\t\t\t\t\t\t<\/div>\n\t\t\t\t<\/div>\n\t\t\t\t<div class=\"elementor-element elementor-element-71e662e elementor-align-center elementor-widget elementor-widget-button\" data-id=\"71e662e\" data-element_type=\"widget\" data-e-type=\"widget\" data-widget_type=\"button.default\">\n\t\t\t\t<div class=\"elementor-widget-container\">\n\t\t\t\t\t\t\t\t\t<div class=\"elementor-button-wrapper\">\n\t\t\t\t\t<a class=\"elementor-button elementor-button-link elementor-size-sm\" href=\"https:\/\/www.360liguria.com\/allegati\/statuto-360-liguria.pdf\" target=\"_blank\">\n\t\t\t\t\t\t<span class=\"elementor-button-content-wrapper\">\n\t\t\t\t\t\t\t\t\t<span class=\"elementor-button-text\">STATUTE<\/span>\n\t\t\t\t\t<\/span>\n\t\t\t\t\t<\/a>\n\t\t\t\t<\/div>\n\t\t\t\t\t\t\t\t<\/div>\n\t\t\t\t<\/div>\n\t\t\t\t<div class=\"elementor-element elementor-element-0a86e8e elementor-align-center elementor-widget elementor-widget-button\" data-id=\"0a86e8e\" data-element_type=\"widget\" data-e-type=\"widget\" data-widget_type=\"button.default\">\n\t\t\t\t<div class=\"elementor-widget-container\">\n\t\t\t\t\t\t\t\t\t<div class=\"elementor-button-wrapper\">\n\t\t\t\t\t<a class=\"elementor-button elementor-button-link elementor-size-sm\" href=\"https:\/\/www.360liguria.com\/360liguria-cooperativa-2\/\">\n\t\t\t\t\t\t<span class=\"elementor-button-content-wrapper\">\n\t\t\t\t\t\t\t\t\t<span class=\"elementor-button-text\">-<\/span>\n\t\t\t\t\t<\/span>\n\t\t\t\t\t<\/a>\n\t\t\t\t<\/div>\n\t\t\t\t\t\t\t\t<\/div>\n\t\t\t\t<\/div>\n\t\t\t\t\t<\/div>\n\t\t<\/div>\n\t\t\t\t\t<\/div>\n\t\t<\/section>\n\t\t\t\t<section class=\"elementor-section elementor-top-section elementor-element elementor-element-25c46a1 elementor-section-boxed elementor-section-height-default elementor-section-height-default\" data-id=\"25c46a1\" data-element_type=\"section\" data-e-type=\"section\" data-settings=\"{&quot;background_background&quot;:&quot;classic&quot;}\">\n\t\t\t\t\t\t<div class=\"elementor-container elementor-column-gap-default\">\n\t\t\t\t\t<div class=\"elementor-column elementor-col-100 elementor-top-column elementor-element elementor-element-c8a9e49\" data-id=\"c8a9e49\" data-element_type=\"column\" data-e-type=\"column\">\n\t\t\t<div class=\"elementor-widget-wrap\">\n\t\t\t\t\t\t\t<\/div>\n\t\t<\/div>\n\t\t\t\t\t<\/div>\n\t\t<\/section>\n\t\t\t\t<section class=\"elementor-section elementor-top-section elementor-element elementor-element-352d836b elementor-section-boxed elementor-section-height-default elementor-section-height-default\" data-id=\"352d836b\" data-element_type=\"section\" data-e-type=\"section\" data-settings=\"{&quot;background_background&quot;:&quot;classic&quot;}\">\n\t\t\t\t\t\t<div class=\"elementor-container elementor-column-gap-default\">\n\t\t\t\t\t<div class=\"elementor-column elementor-col-33 elementor-top-column elementor-element elementor-element-174f1fcc\" data-id=\"174f1fcc\" data-element_type=\"column\" data-e-type=\"column\">\n\t\t\t<div class=\"elementor-widget-wrap elementor-element-populated\">\n\t\t\t\t\t\t<div class=\"elementor-element elementor-element-56b0cce7 elementor-widget elementor-widget-text-editor\" data-id=\"56b0cce7\" data-element_type=\"widget\" data-e-type=\"widget\" data-widget_type=\"text-editor.default\">\n\t\t\t\t<div class=\"elementor-widget-container\">\n\t\t\t\t\t\t\t\t\t\n          <p class=\"widget-title\">\n            <span style=\"color: #ffffff;\">\n              <strong>360Liguria<\/strong>\n            <\/span>\n          <\/p>\n          <p>\n            <span style=\"color: #ffffff;\">das dem westlichen Ligurien gewidmete Portal<\/span>\n            <br>\n            <span style=\"color: #ffffff;\">leben Sie Ihre Erfahrungen bei 360 \u00b0<\/span>\n          <\/p>\n          <p>\n            <span style=\"color: #ffffff;\">Finden <strong><a style=\"color: #ffffff;\" href=\"https:\/\/www.360liguria.com\/de\/wer-wir-sind\/\">Sie heraus, wer wir sind<\/a><\/strong><\/span>\n          <\/p>\n        \t\t\t\t\t\t\t\t<\/div>\n\t\t\t\t<\/div>\n\t\t\t\t\t<\/div>\n\t\t<\/div>\n\t\t\t\t<div class=\"elementor-column elementor-col-33 elementor-top-column elementor-element elementor-element-1227e2cf\" data-id=\"1227e2cf\" data-element_type=\"column\" data-e-type=\"column\">\n\t\t\t<div class=\"elementor-widget-wrap elementor-element-populated\">\n\t\t\t\t\t\t<div class=\"elementor-element elementor-element-4cd31cc8 elementor-widget elementor-widget-text-editor\" data-id=\"4cd31cc8\" data-element_type=\"widget\" data-e-type=\"widget\" data-widget_type=\"text-editor.default\">\n\t\t\t\t<div class=\"elementor-widget-container\">\n\t\t\t\t\t\t\t\t\t\n          <span style=\"color: #ffffff;\">\n            <strong>N\u00fctzliche Links<\/strong>\n          <\/span>\n          \n\n          <br>\n          \n\n          <a href=\"https:\/\/www.360liguria.com\/de\/kontakte\/\">\n            <span style=\"color: #ffffff;\">Kontakte<\/span>\n          <\/a>\n          \n\n          <br>\n          \n\n          <span style=\"color: #ffffff;\">\n            <a style=\"color: #ffffff;\" href=\"https:\/\/www.360liguria.com\/operatori-esperienziali\/\">&#8211;<\/a>\n          <\/span>\n          \n\n          <br>\n          \n\n          <a class=\"iubenda-black no-brand iubenda-noiframe iubenda-embed iubenda-noiframe \" title=\"Privacy Policy \" href=\"https:\/\/www.iubenda.com\/privacy-policy\/87774935\">Privacy Policy<\/a>\n          <script type=\"text\/javascript\">(function (w,d) {var loader = function () {var s = d.createElement(\"script\"), tag = d.getElementsByTagName(\"script\")[0]; s.src=\"https:\/\/cdn.iubenda.com\/iubenda.js\"; tag.parentNode.insertBefore(s,tag);}; if(w.addEventListener){w.addEventListener(\"load\", loader, false);}else if(w.attachEvent){w.attachEvent(\"onload\", loader);}else{w.onload = loader;>(window, document);<\/script>\n          \n\n          <br>\n          \n\n          <span style=\"color: #ffffff;\">Terms &amp; Conditions<\/span>\n          \n\n          <br>\n          \n\n          <a class=\"iubenda-black no-brand iubenda-noiframe iubenda-embed iubenda-noiframe \" title=\"Cookie Policy \" href=\"https:\/\/www.iubenda.com\/privacy-policy\/87774935\/cookie-policy\">Cookie Policy<\/a>\n          <script type=\"text\/javascript\">(function (w,d) {var loader = function () {var s = d.createElement(\"script\"), tag = d.getElementsByTagName(\"script\")[0]; s.src=\"https:\/\/cdn.iubenda.com\/iubenda.js\"; tag.parentNode.insertBefore(s,tag);}; if(w.addEventListener){w.addEventListener(\"load\", loader, false);}else if(w.attachEvent){w.attachEvent(\"onload\", loader);}else{w.onload = loader;>(window, document);<\/script>\n        \t\t\t\t\t\t\t\t<\/div>\n\t\t\t\t<\/div>\n\t\t\t\t\t<\/div>\n\t\t<\/div>\n\t\t\t\t<div class=\"elementor-column elementor-col-33 elementor-top-column elementor-element elementor-element-7022f0ea\" data-id=\"7022f0ea\" data-element_type=\"column\" data-e-type=\"column\">\n\t\t\t<div class=\"elementor-widget-wrap elementor-element-populated\">\n\t\t\t\t\t\t<div class=\"elementor-element elementor-element-955e6e2 elementor-widget elementor-widget-text-editor\" data-id=\"955e6e2\" data-element_type=\"widget\" data-e-type=\"widget\" data-widget_type=\"text-editor.default\">\n\t\t\t\t<div class=\"elementor-widget-container\">\n\t\t\t\t\t\t\t\t\t\n          <span style=\"color: #ffffff;\">Follow us on Social<\/span>\n          \n\n          <br>\n          \n\n          <a href=\"https:\/\/www.facebook.com\/360Liguria\/\" target=\"_blank\" rel=\"noopener\">\n            <img decoding=\"async\" class=\"alignnone wp-image-587\" src=\"https:\/\/www.360liguria.com\/wp-content\/uploads\/2021\/06\/fb.png\" alt=\"\" width=\"30\" height=\"30\">\n          <\/a>\n          \n\n          <br>\n          \n\n          <a href=\"https:\/\/www.instagram.com\/360liguria\/\" target=\"_blank\" rel=\"noopener\">\n            <img decoding=\"async\" class=\"alignnone wp-image-589\" src=\"https:\/\/www.360liguria.com\/wp-content\/uploads\/2021\/06\/ug.png\" alt=\"\" width=\"30\" height=\"30\">\n          <\/a>\n        \t\t\t\t\t\t\t\t<\/div>\n\t\t\t\t<\/div>\n\t\t\t\t\t<\/div>\n\t\t<\/div>\n\t\t\t\t\t<\/div>\n\t\t<\/section>\n\t\t\t\t<\/div>\n\t\t","protected":false},"excerpt":{"rendered":"<p>360Liguria Kooperative 360 Liguria ist der Eigent\u00fcmer der Marke 360 Liguria und der Website www.360liguria.com 360Liguria ist eine soziale Genossenschaft mit Sitz in Imperia Oneglia, Via Vieusseux Nr. 8, eingetragen im ligurischen Regionalregister und im nationalen Register. Sie ist Mitglied der Nationalen Genossenschaften und Gegenseitigkeitsvereine. Sie ist eine gemeinn\u00fctzige Organisation. &#8211; &#8211;. &#8230; 360Liguria Societ\u00e0 [&hellip;]<\/p>\n","protected":false},"author":7,"featured_media":0,"parent":0,"menu_order":0,"comment_status":"closed","ping_status":"closed","template":"elementor_header_footer","meta":{"footnotes":""},"class_list":["post-3571","page","type-page","status-publish","hentry"],"yoast_head":"<!-- This site is optimized with the Yoast SEO plugin v27.3 - https:\/\/yoast.com\/product\/yoast-seo-wordpress\/ -->\n<title>360Liguria Cooperativa - Liguria 360<\/title>\n<meta name=\"robots\" content=\"index, follow, max-snippet:-1, max-image-preview:large, max-video-preview:-1\" \/>\n<link rel=\"canonical\" href=\"https:\/\/www.360liguria.com\/de\/360liguria-cooperativa\/\" \/>\n<meta property=\"og:locale\" content=\"de_DE\" \/>\n<meta property=\"og:type\" content=\"article\" \/>\n<meta property=\"og:title\" content=\"360Liguria Cooperativa - Liguria 360\" \/>\n<meta property=\"og:description\" content=\"360Liguria Kooperative 360 Liguria ist der Eigent\u00fcmer der Marke 360 Liguria und der Website www.360liguria.com 360Liguria ist eine soziale Genossenschaft mit Sitz in Imperia Oneglia, Via Vieusseux Nr. 8, eingetragen im ligurischen Regionalregister und im nationalen Register. Sie ist Mitglied der Nationalen Genossenschaften und Gegenseitigkeitsvereine. Sie ist eine gemeinn\u00fctzige Organisation. &#8211; &#8211;. ... 360Liguria Societ\u00e0 [&hellip;]\" \/>\n<meta property=\"og:url\" content=\"https:\/\/www.360liguria.com\/de\/360liguria-cooperativa\/\" \/>\n<meta property=\"og:site_name\" content=\"Liguria 360\" \/>\n<meta property=\"article:modified_time\" content=\"2022-10-20T13:18:23+00:00\" \/>\n<meta property=\"og:image\" content=\"https:\/\/www.360liguria.com\/wp-content\/uploads\/2022\/03\/nero-2000x1125.png\" \/>\n<meta name=\"twitter:card\" content=\"summary_large_image\" \/>\n<meta name=\"twitter:label1\" content=\"Gesch\u00e4tzte Lesezeit\" \/>\n\t<meta name=\"twitter:data1\" content=\"2\u00a0Minuten\" \/>\n<script type=\"application\/ld+json\" class=\"yoast-schema-graph\">{\"@context\":\"https:\\\/\\\/schema.org\",\"@graph\":[{\"@type\":\"WebPage\",\"@id\":\"https:\\\/\\\/www.360liguria.com\\\/de\\\/360liguria-cooperativa\\\/\",\"url\":\"https:\\\/\\\/www.360liguria.com\\\/de\\\/360liguria-cooperativa\\\/\",\"name\":\"360Liguria Cooperativa - Liguria 360\",\"isPartOf\":{\"@id\":\"https:\\\/\\\/www.360liguria.com\\\/#website\"},\"primaryImageOfPage\":{\"@id\":\"https:\\\/\\\/www.360liguria.com\\\/de\\\/360liguria-cooperativa\\\/#primaryimage\"},\"image\":{\"@id\":\"https:\\\/\\\/www.360liguria.com\\\/de\\\/360liguria-cooperativa\\\/#primaryimage\"},\"thumbnailUrl\":\"https:\\\/\\\/www.360liguria.com\\\/wp-content\\\/uploads\\\/2022\\\/03\\\/nero-2000x1125.png\",\"datePublished\":\"2022-04-13T15:18:37+00:00\",\"dateModified\":\"2022-10-20T13:18:23+00:00\",\"breadcrumb\":{\"@id\":\"https:\\\/\\\/www.360liguria.com\\\/de\\\/360liguria-cooperativa\\\/#breadcrumb\"},\"inLanguage\":\"de\",\"potentialAction\":[{\"@type\":\"ReadAction\",\"target\":[\"https:\\\/\\\/www.360liguria.com\\\/de\\\/360liguria-cooperativa\\\/\"]}]},{\"@type\":\"ImageObject\",\"inLanguage\":\"de\",\"@id\":\"https:\\\/\\\/www.360liguria.com\\\/de\\\/360liguria-cooperativa\\\/#primaryimage\",\"url\":\"https:\\\/\\\/www.360liguria.com\\\/wp-content\\\/uploads\\\/2022\\\/03\\\/nero-2000x1125.png\",\"contentUrl\":\"https:\\\/\\\/www.360liguria.com\\\/wp-content\\\/uploads\\\/2022\\\/03\\\/nero-2000x1125.png\"},{\"@type\":\"BreadcrumbList\",\"@id\":\"https:\\\/\\\/www.360liguria.com\\\/de\\\/360liguria-cooperativa\\\/#breadcrumb\",\"itemListElement\":[{\"@type\":\"ListItem\",\"position\":1,\"name\":\"Home\",\"item\":\"https:\\\/\\\/www.360liguria.com\\\/de\\\/\"},{\"@type\":\"ListItem\",\"position\":2,\"name\":\"360Liguria Cooperativa\"}]},{\"@type\":\"WebSite\",\"@id\":\"https:\\\/\\\/www.360liguria.com\\\/#website\",\"url\":\"https:\\\/\\\/www.360liguria.com\\\/\",\"name\":\"Liguria 360\",\"description\":\"Esplora la Liguria\",\"potentialAction\":[{\"@type\":\"SearchAction\",\"target\":{\"@type\":\"EntryPoint\",\"urlTemplate\":\"https:\\\/\\\/www.360liguria.com\\\/?s={search_term_string}\"},\"query-input\":{\"@type\":\"PropertyValueSpecification\",\"valueRequired\":true,\"valueName\":\"search_term_string\"}}],\"inLanguage\":\"de\"}]}<\/script>\n<!-- \/ Yoast SEO plugin. -->","yoast_head_json":{"title":"360Liguria Cooperativa - Liguria 360","robots":{"index":"index","follow":"follow","max-snippet":"max-snippet:-1","max-image-preview":"max-image-preview:large","max-video-preview":"max-video-preview:-1"},"canonical":"https:\/\/www.360liguria.com\/de\/360liguria-cooperativa\/","og_locale":"de_DE","og_type":"article","og_title":"360Liguria Cooperativa - Liguria 360","og_description":"360Liguria Kooperative 360 Liguria ist der Eigent\u00fcmer der Marke 360 Liguria und der Website www.360liguria.com 360Liguria ist eine soziale Genossenschaft mit Sitz in Imperia Oneglia, Via Vieusseux Nr. 8, eingetragen im ligurischen Regionalregister und im nationalen Register. Sie ist Mitglied der Nationalen Genossenschaften und Gegenseitigkeitsvereine. Sie ist eine gemeinn\u00fctzige Organisation. &#8211; &#8211;. ... 360Liguria Societ\u00e0 [&hellip;]","og_url":"https:\/\/www.360liguria.com\/de\/360liguria-cooperativa\/","og_site_name":"Liguria 360","article_modified_time":"2022-10-20T13:18:23+00:00","og_image":[{"url":"https:\/\/www.360liguria.com\/wp-content\/uploads\/2022\/03\/nero-2000x1125.png","type":"","width":"","height":""}],"twitter_card":"summary_large_image","twitter_misc":{"Gesch\u00e4tzte Lesezeit":"2\u00a0Minuten"},"schema":{"@context":"https:\/\/schema.org","@graph":[{"@type":"WebPage","@id":"https:\/\/www.360liguria.com\/de\/360liguria-cooperativa\/","url":"https:\/\/www.360liguria.com\/de\/360liguria-cooperativa\/","name":"360Liguria Cooperativa - Liguria 360","isPartOf":{"@id":"https:\/\/www.360liguria.com\/#website"},"primaryImageOfPage":{"@id":"https:\/\/www.360liguria.com\/de\/360liguria-cooperativa\/#primaryimage"},"image":{"@id":"https:\/\/www.360liguria.com\/de\/360liguria-cooperativa\/#primaryimage"},"thumbnailUrl":"https:\/\/www.360liguria.com\/wp-content\/uploads\/2022\/03\/nero-2000x1125.png","datePublished":"2022-04-13T15:18:37+00:00","dateModified":"2022-10-20T13:18:23+00:00","breadcrumb":{"@id":"https:\/\/www.360liguria.com\/de\/360liguria-cooperativa\/#breadcrumb"},"inLanguage":"de","potentialAction":[{"@type":"ReadAction","target":["https:\/\/www.360liguria.com\/de\/360liguria-cooperativa\/"]}]},{"@type":"ImageObject","inLanguage":"de","@id":"https:\/\/www.360liguria.com\/de\/360liguria-cooperativa\/#primaryimage","url":"https:\/\/www.360liguria.com\/wp-content\/uploads\/2022\/03\/nero-2000x1125.png","contentUrl":"https:\/\/www.360liguria.com\/wp-content\/uploads\/2022\/03\/nero-2000x1125.png"},{"@type":"BreadcrumbList","@id":"https:\/\/www.360liguria.com\/de\/360liguria-cooperativa\/#breadcrumb","itemListElement":[{"@type":"ListItem","position":1,"name":"Home","item":"https:\/\/www.360liguria.com\/de\/"},{"@type":"ListItem","position":2,"name":"360Liguria Cooperativa"}]},{"@type":"WebSite","@id":"https:\/\/www.360liguria.com\/#website","url":"https:\/\/www.360liguria.com\/","name":"Liguria 360","description":"Esplora la Liguria","potentialAction":[{"@type":"SearchAction","target":{"@type":"EntryPoint","urlTemplate":"https:\/\/www.360liguria.com\/?s={search_term_string}"},"query-input":{"@type":"PropertyValueSpecification","valueRequired":true,"valueName":"search_term_string"}}],"inLanguage":"de"}]}},"_links":{"self":[{"href":"https:\/\/www.360liguria.com\/de\/wp-json\/wp\/v2\/pages\/3571","targetHints":{"allow":["GET"]}}],"collection":[{"href":"https:\/\/www.360liguria.com\/de\/wp-json\/wp\/v2\/pages"}],"about":[{"href":"https:\/\/www.360liguria.com\/de\/wp-json\/wp\/v2\/types\/page"}],"author":[{"embeddable":true,"href":"https:\/\/www.360liguria.com\/de\/wp-json\/wp\/v2\/users\/7"}],"replies":[{"embeddable":true,"href":"https:\/\/www.360liguria.com\/de\/wp-json\/wp\/v2\/comments?post=3571"}],"version-history":[{"count":0,"href":"https:\/\/www.360liguria.com\/de\/wp-json\/wp\/v2\/pages\/3571\/revisions"}],"wp:attachment":[{"href":"https:\/\/www.360liguria.com\/de\/wp-json\/wp\/v2\/media?parent=3571"}],"curies":[{"name":"wp","href":"https:\/\/api.w.org\/{rel}","templated":true}]}}